{"id":16471,"date":"2025-08-24T17:56:13","date_gmt":"2025-08-24T17:56:13","guid":{"rendered":"https:\/\/ttbsf.com\/?post_type=product&#038;p=16471"},"modified":"2025-08-24T19:22:20","modified_gmt":"2025-08-24T19:22:20","slug":"hand-wash-lavender-500ml-24pcs","status":"publish","type":"product","link":"https:\/\/ttbsf.com\/index.php\/produit\/hand-wash-lavender-500ml-24pcs\/","title":{"rendered":"HAND WASH LAVENDER 500ML"},"content":{"rendered":"<p data-start=\"215\" data-end=\"486\">Offrez \u00e0 vos mains un soin d\u00e9licat avec notre <strong data-start=\"261\" data-end=\"298\">Lavage Mains Liquide \u00e0 la Lavande<\/strong>, con\u00e7u pour allier <strong data-start=\"318\" data-end=\"352\">propret\u00e9, douceur et bien-\u00eatre<\/strong>. Enrichi en agents hydratants et infus\u00e9 de l\u2019essence naturelle de lavande, il transforme chaque lavage en un <strong data-start=\"462\" data-end=\"483\">moment de d\u00e9tente<\/strong>.<\/p>\n<p data-start=\"488\" data-end=\"515\">\u2728 <strong data-start=\"490\" data-end=\"513\">Atouts du produit :<\/strong><\/p>\n<ul data-start=\"516\" data-end=\"1052\">\n<li data-start=\"516\" data-end=\"648\">\n<p data-start=\"518\" data-end=\"648\">\ud83c\udf3f <span style=\"color: #000000;\"><strong data-start=\"521\" data-end=\"544\">Apaisant &amp; relaxant<\/strong><\/span> : Le parfum subtil de la lavande procure une sensation de calme et de fra\u00eecheur \u00e0 chaque utilisation.<\/p>\n<\/li>\n<li data-start=\"649\" data-end=\"780\">\n<p data-start=\"651\" data-end=\"780\">\ud83d\udca7 <span style=\"color: #000000;\"><strong data-start=\"654\" data-end=\"678\">Hydratation optimale<\/strong><\/span> : Sa formule douce pr\u00e9serve l\u2019\u00e9quilibre naturel de la peau et laisse les mains souples et nourries.<\/p>\n<\/li>\n<li data-start=\"781\" data-end=\"920\">\n<p data-start=\"783\" data-end=\"920\">\ud83e\uddfc <span style=\"color: #000000;\"><strong data-start=\"786\" data-end=\"808\">Nettoyage efficace<\/strong><\/span> : Sa mousse onctueuse \u00e9limine impuret\u00e9s, bact\u00e9ries et odeurs, tout en respectant la sensibilit\u00e9 de vos mains.<\/p>\n<\/li>\n<li data-start=\"921\" data-end=\"1052\">\n<p data-start=\"923\" data-end=\"1052\">\ud83c\udf38 <span style=\"color: #000000;\"><strong data-start=\"926\" data-end=\"959\">Exp\u00e9rience sensorielle unique<\/strong><\/span> : Transformez un geste quotidien en un <strong data-start=\"999\" data-end=\"1023\">instant de bien-\u00eatre<\/strong> gr\u00e2ce \u00e0 son ar\u00f4me raffin\u00e9.<\/p>\n<\/li>\n<\/ul>\n<p data-start=\"1054\" data-end=\"1170\">\ud83d\udc68\u200d\ud83d\udc69\u200d\ud83d\udc67\u200d\ud83d\udc66<span style=\"color: #000000;\"> <strong data-start=\"1066\" data-end=\"1095\">Adapt\u00e9 \u00e0 toute la famille<\/strong><\/span> et \u00e0 tous types de peaux, il est id\u00e9al pour une utilisation quotidienne.<\/p>\n<p data-start=\"1172\" data-end=\"1282\">\ud83d\udc49 Ajoutez une touche de <strong data-start=\"1197\" data-end=\"1225\">fra\u00eecheur et de s\u00e9r\u00e9nit\u00e9<\/strong> \u00e0 votre routine d\u2019hygi\u00e8ne avec ce soin incontournable.<\/p>\n","protected":false},"excerpt":{"rendered":"<p><strong data-start=\"1333\" data-end=\"1396\">\ud83e\uddfc Lavage Mains Liquide \u00e0 la Lavande \u2013 Hydratant &amp; Apaisant<\/strong><br data-start=\"1396\" data-end=\"1399\" \/>\u2728 Nettoie en profondeur tout en laissant vos mains <strong data-start=\"1450\" data-end=\"1484\">douces, hydrat\u00e9es et parfum\u00e9es<\/strong> \u00e0 la lavande. \ud83d\udca7\ud83c\udf38<\/p>\n","protected":false},"featured_media":16472,"comment_status":"open","ping_status":"closed","template":"","meta":[],"product_cat":[72],"product_tag":[],"class_list":{"0":"post-16471","1":"product","2":"type-product","3":"status-publish","4":"has-post-thumbnail","6":"product_cat-cosmetique","8":"first","9":"instock","10":"shipping-taxable","11":"purchasable","12":"product-type-simple"},"_links":{"self":[{"href":"https:\/\/ttbsf.com\/index.php\/wp-json\/wp\/v2\/product\/16471","targetHints":{"allow":["GET"]}}],"collection":[{"href":"https:\/\/ttbsf.com\/index.php\/wp-json\/wp\/v2\/product"}],"about":[{"href":"https:\/\/ttbsf.com\/index.php\/wp-json\/wp\/v2\/types\/product"}],"replies":[{"embeddable":true,"href":"https:\/\/ttbsf.com\/index.php\/wp-json\/wp\/v2\/comments?post=16471"}],"version-history":[{"count":12,"href":"https:\/\/ttbsf.com\/index.php\/wp-json\/wp\/v2\/product\/16471\/revisions"}],"predecessor-version":[{"id":16474,"href":"https:\/\/ttbsf.com\/index.php\/wp-json\/wp\/v2\/product\/16471\/revisions\/16474"}],"wp:featuredmedia":[{"embeddable":true,"href":"https:\/\/ttbsf.com\/index.php\/wp-json\/wp\/v2\/media\/16472"}],"wp:attachment":[{"href":"https:\/\/ttbsf.com\/index.php\/wp-json\/wp\/v2\/media?parent=16471"}],"wp:term":[{"taxonomy":"product_cat","embeddable":true,"href":"https:\/\/ttbsf.com\/index.php\/wp-json\/wp\/v2\/product_cat?post=16471"},{"taxonomy":"product_tag","embeddable":true,"href":"https:\/\/ttbsf.com\/index.php\/wp-json\/wp\/v2\/product_tag?post=16471"}],"curies":[{"name":"wp","href":"https:\/\/api.w.org\/{rel}","templated":true}]}}